{"id":161,"date":"2024-10-08T12:29:44","date_gmt":"2024-10-08T10:29:44","guid":{"rendered":"https:\/\/www.julia-berthelon.fr\/boutique\/?page_id=161"},"modified":"2025-02-12T15:16:17","modified_gmt":"2025-02-12T14:16:17","slug":"transformez-votre-vie","status":"publish","type":"page","link":"https:\/\/www.julia-berthelon.fr\/boutique\/","title":{"rendered":"\u00c9veillez votre potentiel"},"content":{"rendered":"<p class=\"intro-description has-medium-font-size\">Ces <strong>voyages sonores <\/strong>combinent des pratiques puissantes telles que <strong>l&rsquo;hypnose<\/strong>, <a style=\"font-weight: bold;\" href=\"https:\/\/www.julia-berthelon.fr\/pages\/sophrologie.php\" data-type=\"link\" data-id=\"https:\/\/www.julia-berthelon.fr\/pages\/sophrologie.php\">la sophrologie<\/a> et des <a href=\"https:\/\/www.julia-berthelon.fr\/pages\/magnetisme.php\" data-type=\"link\" data-id=\"https:\/\/www.julia-berthelon.fr\/pages\/magnetisme.php\">techniques \u00e9nerg\u00e9tiques<\/a>, afin de vous guider vers une <strong>transformation int\u00e9rieure profonde<\/strong>. Int\u00e9grez ces s\u00e9ances dans votre quotidien, \u00e9coutez-les r\u00e9guli\u00e8rement pour renforcer leur impact et ancrer leurs bienfaits.<\/p><h2 class=\"wp-block-heading has-text-align-center\">S\u00e9ances audio<\/h2><div data-block-name=\"woocommerce\/product-category\" data-categories=\"[16]\" class=\"wc-block-grid wp-block-product-category wp-block-woocommerce-product-category wc-block-product-category has-3-columns has-multiple-rows\"><ul class=\"wc-block-grid__products\"><li class=\"wc-block-grid__product\">\n\t\t\t\t<a href=\"https:\/\/www.julia-berthelon.fr\/boutique\/produit\/perte-de-poids-soin-energetique\/\" class=\"wc-block-grid__product-link\">\n\t\t\t\t\t\n\t\t\t\t\t<div class=\"wc-block-grid__product-image\"><img loading=\"lazy\" decoding=\"async\" width=\"300\" height=\"300\" src=\"https:\/\/www.julia-berthelon.fr\/boutique\/wp-content\/uploads\/2025\/02\/Perte-de-poids-Soin-energetique-300x300.png\" class=\"attachment-woocommerce_thumbnail size-woocommerce_thumbnail\" alt=\"Perte de poids - Soin \u00e9nerg\u00e9tique\" srcset=\"https:\/\/www.julia-berthelon.fr\/boutique\/wp-content\/uploads\/2025\/02\/Perte-de-poids-Soin-energetique-300x300.png 300w, https:\/\/www.julia-berthelon.fr\/boutique\/wp-content\/uploads\/2025\/02\/Perte-de-poids-Soin-energetique-400x400.png 400w, https:\/\/www.julia-berthelon.fr\/boutique\/wp-content\/uploads\/2025\/02\/Perte-de-poids-Soin-energetique-1024x1024.png 1024w, https:\/\/www.julia-berthelon.fr\/boutique\/wp-content\/uploads\/2025\/02\/Perte-de-poids-Soin-energetique-150x150.png 150w, https:\/\/www.julia-berthelon.fr\/boutique\/wp-content\/uploads\/2025\/02\/Perte-de-poids-Soin-energetique-768x768.png 768w, https:\/\/www.julia-berthelon.fr\/boutique\/wp-content\/uploads\/2025\/02\/Perte-de-poids-Soin-energetique-600x600.png 600w, https:\/\/www.julia-berthelon.fr\/boutique\/wp-content\/uploads\/2025\/02\/Perte-de-poids-Soin-energetique-100x100.png 100w, https:\/\/www.julia-berthelon.fr\/boutique\/wp-content\/uploads\/2025\/02\/Perte-de-poids-Soin-energetique.png 1080w\" sizes=\"auto, (max-width: 300px) 100vw, 300px\" \/><\/div>\n\t\t\t\t\t<div class=\"wc-block-grid__product-title\">Perte de poids &#8211; Soin \u00e9nerg\u00e9tique<\/div>\n\t\t\t\t<\/a>\n\t\t\t\t<div class=\"wc-block-grid__product-price price\"><span class=\"woocommerce-Price-amount amount\">25,00&nbsp;<span class=\"woocommerce-Price-currencySymbol\">&euro;<\/span><\/span><\/div>\n\t\t\t\t\n\t\t\t\t<div class=\"wp-block-button wc-block-grid__product-add-to-cart\"><a href=\"?add-to-cart=196\" aria-label=\"Ajouter au panier\u00a0: &ldquo;Perte de poids - Soin \u00e9nerg\u00e9tique&rdquo;\" data-quantity=\"1\" data-product_id=\"196\" data-product_sku=\"\" data-price=\"25\" rel=\"nofollow\" class=\"wp-block-button__link  add_to_cart_button ajax_add_to_cart\">Ajouter au panier<\/a><\/div>\n\t\t\t<\/li><li class=\"wc-block-grid__product\">\n\t\t\t\t<a href=\"https:\/\/www.julia-berthelon.fr\/boutique\/produit\/energie-guerriere-force-interieure-meditation\/\" class=\"wc-block-grid__product-link\">\n\t\t\t\t\t\n\t\t\t\t\t<div class=\"wc-block-grid__product-image\"><img loading=\"lazy\" decoding=\"async\" width=\"300\" height=\"300\" src=\"https:\/\/www.julia-berthelon.fr\/boutique\/wp-content\/uploads\/2024\/01\/Force-interieure-300x300.png\" class=\"attachment-woocommerce_thumbnail size-woocommerce_thumbnail\" alt=\"\u00c9nergie guerri\u00e8re - Force int\u00e9rieure - M\u00e9ditation\" srcset=\"https:\/\/www.julia-berthelon.fr\/boutique\/wp-content\/uploads\/2024\/01\/Force-interieure-300x300.png 300w, https:\/\/www.julia-berthelon.fr\/boutique\/wp-content\/uploads\/2024\/01\/Force-interieure-400x400.png 400w, https:\/\/www.julia-berthelon.fr\/boutique\/wp-content\/uploads\/2024\/01\/Force-interieure-1024x1024.png 1024w, https:\/\/www.julia-berthelon.fr\/boutique\/wp-content\/uploads\/2024\/01\/Force-interieure-150x150.png 150w, https:\/\/www.julia-berthelon.fr\/boutique\/wp-content\/uploads\/2024\/01\/Force-interieure-768x768.png 768w, https:\/\/www.julia-berthelon.fr\/boutique\/wp-content\/uploads\/2024\/01\/Force-interieure-600x600.png 600w, https:\/\/www.julia-berthelon.fr\/boutique\/wp-content\/uploads\/2024\/01\/Force-interieure-100x100.png 100w, https:\/\/www.julia-berthelon.fr\/boutique\/wp-content\/uploads\/2024\/01\/Force-interieure.png 1080w\" sizes=\"auto, (max-width: 300px) 100vw, 300px\" \/><\/div>\n\t\t\t\t\t<div class=\"wc-block-grid__product-title\">\u00c9nergie guerri\u00e8re &#8211; Force int\u00e9rieure &#8211; M\u00e9ditation<\/div>\n\t\t\t\t<\/a>\n\t\t\t\t<div class=\"wc-block-grid__product-price price\"><span class=\"woocommerce-Price-amount amount\">15,00&nbsp;<span class=\"woocommerce-Price-currencySymbol\">&euro;<\/span><\/span><\/div>\n\t\t\t\t\n\t\t\t\t<div class=\"wp-block-button wc-block-grid__product-add-to-cart\"><a href=\"?add-to-cart=142\" aria-label=\"Ajouter au panier\u00a0: &ldquo;\u00c9nergie guerri\u00e8re - Force int\u00e9rieure - M\u00e9ditation&rdquo;\" data-quantity=\"1\" data-product_id=\"142\" data-product_sku=\"\" data-price=\"15\" rel=\"nofollow\" class=\"wp-block-button__link  add_to_cart_button ajax_add_to_cart\">Ajouter au panier<\/a><\/div>\n\t\t\t<\/li><li class=\"wc-block-grid__product\">\n\t\t\t\t<a href=\"https:\/\/www.julia-berthelon.fr\/boutique\/produit\/activez-votre-pouvoir-dauto-guerison-soin-energetique\/\" class=\"wc-block-grid__product-link\">\n\t\t\t\t\t\n\t\t\t\t\t<div class=\"wc-block-grid__product-image\"><img loading=\"lazy\" decoding=\"async\" width=\"300\" height=\"300\" src=\"https:\/\/www.julia-berthelon.fr\/boutique\/wp-content\/uploads\/2024\/01\/Activez-lauto-guerison-1-300x300.png\" class=\"attachment-woocommerce_thumbnail size-woocommerce_thumbnail\" alt=\"Auto-gu\u00e9rison - Soin \u00e9nerg\u00e9tique\" srcset=\"https:\/\/www.julia-berthelon.fr\/boutique\/wp-content\/uploads\/2024\/01\/Activez-lauto-guerison-1-300x300.png 300w, https:\/\/www.julia-berthelon.fr\/boutique\/wp-content\/uploads\/2024\/01\/Activez-lauto-guerison-1-400x400.png 400w, https:\/\/www.julia-berthelon.fr\/boutique\/wp-content\/uploads\/2024\/01\/Activez-lauto-guerison-1-1024x1024.png 1024w, https:\/\/www.julia-berthelon.fr\/boutique\/wp-content\/uploads\/2024\/01\/Activez-lauto-guerison-1-150x150.png 150w, https:\/\/www.julia-berthelon.fr\/boutique\/wp-content\/uploads\/2024\/01\/Activez-lauto-guerison-1-768x768.png 768w, https:\/\/www.julia-berthelon.fr\/boutique\/wp-content\/uploads\/2024\/01\/Activez-lauto-guerison-1-600x600.png 600w, https:\/\/www.julia-berthelon.fr\/boutique\/wp-content\/uploads\/2024\/01\/Activez-lauto-guerison-1-100x100.png 100w, https:\/\/www.julia-berthelon.fr\/boutique\/wp-content\/uploads\/2024\/01\/Activez-lauto-guerison-1.png 1080w\" sizes=\"auto, (max-width: 300px) 100vw, 300px\" \/><\/div>\n\t\t\t\t\t<div class=\"wc-block-grid__product-title\">Auto-gu\u00e9rison &#8211; Soin \u00e9nerg\u00e9tique<\/div>\n\t\t\t\t<\/a>\n\t\t\t\t<div class=\"wc-block-grid__product-price price\"><span class=\"woocommerce-Price-amount amount\">25,00&nbsp;<span class=\"woocommerce-Price-currencySymbol\">&euro;<\/span><\/span><\/div>\n\t\t\t\t\n\t\t\t\t<div class=\"wp-block-button wc-block-grid__product-add-to-cart\"><a href=\"?add-to-cart=111\" aria-label=\"Ajouter au panier\u00a0: &ldquo;Auto-gu\u00e9rison - Soin \u00e9nerg\u00e9tique&rdquo;\" data-quantity=\"1\" data-product_id=\"111\" data-product_sku=\"\" data-price=\"25\" rel=\"nofollow\" class=\"wp-block-button__link  add_to_cart_button ajax_add_to_cart\">Ajouter au panier<\/a><\/div>\n\t\t\t<\/li><li class=\"wc-block-grid__product\">\n\t\t\t\t<a href=\"https:\/\/www.julia-berthelon.fr\/boutique\/produit\/eloigner-les-douleurs-meditation\/\" class=\"wc-block-grid__product-link\">\n\t\t\t\t\t\n\t\t\t\t\t<div class=\"wc-block-grid__product-image\"><img loading=\"lazy\" decoding=\"async\" width=\"300\" height=\"300\" src=\"https:\/\/www.julia-berthelon.fr\/boutique\/wp-content\/uploads\/2024\/01\/Eloigner-les-douleurs-300x300.png\" class=\"attachment-woocommerce_thumbnail size-woocommerce_thumbnail\" alt=\"Eloigner les douleurs - M\u00e9ditation\" srcset=\"https:\/\/www.julia-berthelon.fr\/boutique\/wp-content\/uploads\/2024\/01\/Eloigner-les-douleurs-300x300.png 300w, https:\/\/www.julia-berthelon.fr\/boutique\/wp-content\/uploads\/2024\/01\/Eloigner-les-douleurs-400x400.png 400w, https:\/\/www.julia-berthelon.fr\/boutique\/wp-content\/uploads\/2024\/01\/Eloigner-les-douleurs-1024x1024.png 1024w, https:\/\/www.julia-berthelon.fr\/boutique\/wp-content\/uploads\/2024\/01\/Eloigner-les-douleurs-150x150.png 150w, https:\/\/www.julia-berthelon.fr\/boutique\/wp-content\/uploads\/2024\/01\/Eloigner-les-douleurs-768x768.png 768w, https:\/\/www.julia-berthelon.fr\/boutique\/wp-content\/uploads\/2024\/01\/Eloigner-les-douleurs-600x600.png 600w, https:\/\/www.julia-berthelon.fr\/boutique\/wp-content\/uploads\/2024\/01\/Eloigner-les-douleurs-100x100.png 100w, https:\/\/www.julia-berthelon.fr\/boutique\/wp-content\/uploads\/2024\/01\/Eloigner-les-douleurs.png 1080w\" sizes=\"auto, (max-width: 300px) 100vw, 300px\" \/><\/div>\n\t\t\t\t\t<div class=\"wc-block-grid__product-title\">Eloigner les douleurs &#8211; M\u00e9ditation<\/div>\n\t\t\t\t<\/a>\n\t\t\t\t<div class=\"wc-block-grid__product-price price\"><span class=\"woocommerce-Price-amount amount\">15,00&nbsp;<span class=\"woocommerce-Price-currencySymbol\">&euro;<\/span><\/span><\/div>\n\t\t\t\t\n\t\t\t\t<div class=\"wp-block-button wc-block-grid__product-add-to-cart\"><a href=\"?add-to-cart=106\" aria-label=\"Ajouter au panier\u00a0: &ldquo;Eloigner les douleurs - M\u00e9ditation&rdquo;\" data-quantity=\"1\" data-product_id=\"106\" data-product_sku=\"\" data-price=\"15\" rel=\"nofollow\" class=\"wp-block-button__link  add_to_cart_button ajax_add_to_cart\">Ajouter au panier<\/a><\/div>\n\t\t\t<\/li><li class=\"wc-block-grid__product\">\n\t\t\t\t<a href=\"https:\/\/www.julia-berthelon.fr\/boutique\/produit\/recevez-un-message-meditation-intuitive\/\" class=\"wc-block-grid__product-link\">\n\t\t\t\t\t\n\t\t\t\t\t<div class=\"wc-block-grid__product-image\"><img loading=\"lazy\" decoding=\"async\" width=\"300\" height=\"300\" src=\"https:\/\/www.julia-berthelon.fr\/boutique\/wp-content\/uploads\/2023\/12\/Obstacle-300x300.png\" class=\"attachment-woocommerce_thumbnail size-woocommerce_thumbnail\" alt=\"Recevez un message - M\u00e9ditation intuitive\" srcset=\"https:\/\/www.julia-berthelon.fr\/boutique\/wp-content\/uploads\/2023\/12\/Obstacle-300x300.png 300w, https:\/\/www.julia-berthelon.fr\/boutique\/wp-content\/uploads\/2023\/12\/Obstacle-400x400.png 400w, https:\/\/www.julia-berthelon.fr\/boutique\/wp-content\/uploads\/2023\/12\/Obstacle-1024x1024.png 1024w, https:\/\/www.julia-berthelon.fr\/boutique\/wp-content\/uploads\/2023\/12\/Obstacle-150x150.png 150w, https:\/\/www.julia-berthelon.fr\/boutique\/wp-content\/uploads\/2023\/12\/Obstacle-768x768.png 768w, https:\/\/www.julia-berthelon.fr\/boutique\/wp-content\/uploads\/2023\/12\/Obstacle-600x600.png 600w, https:\/\/www.julia-berthelon.fr\/boutique\/wp-content\/uploads\/2023\/12\/Obstacle-100x100.png 100w, https:\/\/www.julia-berthelon.fr\/boutique\/wp-content\/uploads\/2023\/12\/Obstacle.png 1080w\" sizes=\"auto, (max-width: 300px) 100vw, 300px\" \/><\/div>\n\t\t\t\t\t<div class=\"wc-block-grid__product-title\">Recevez un message &#8211; M\u00e9ditation intuitive<\/div>\n\t\t\t\t<\/a>\n\t\t\t\t<div class=\"wc-block-grid__product-price price\"><span class=\"woocommerce-Price-amount amount\">10,00&nbsp;<span class=\"woocommerce-Price-currencySymbol\">&euro;<\/span><\/span><\/div>\n\t\t\t\t\n\t\t\t\t<div class=\"wp-block-button wc-block-grid__product-add-to-cart\"><a href=\"?add-to-cart=99\" aria-label=\"Ajouter au panier\u00a0: &ldquo;Recevez un message - M\u00e9ditation intuitive&rdquo;\" data-quantity=\"1\" data-product_id=\"99\" data-product_sku=\"\" data-price=\"10\" rel=\"nofollow\" class=\"wp-block-button__link  add_to_cart_button ajax_add_to_cart\">Ajouter au panier<\/a><\/div>\n\t\t\t<\/li><li class=\"wc-block-grid__product\">\n\t\t\t\t<a href=\"https:\/\/www.julia-berthelon.fr\/boutique\/produit\/transformation-interieure-meditation\/\" class=\"wc-block-grid__product-link\">\n\t\t\t\t\t\n\t\t\t\t\t<div class=\"wc-block-grid__product-image\"><img loading=\"lazy\" decoding=\"async\" width=\"300\" height=\"300\" src=\"https:\/\/www.julia-berthelon.fr\/boutique\/wp-content\/uploads\/2023\/12\/Transformation-2-300x300.png\" class=\"attachment-woocommerce_thumbnail size-woocommerce_thumbnail\" alt=\"Transformation int\u00e9rieure - M\u00e9ditation\" srcset=\"https:\/\/www.julia-berthelon.fr\/boutique\/wp-content\/uploads\/2023\/12\/Transformation-2-300x300.png 300w, https:\/\/www.julia-berthelon.fr\/boutique\/wp-content\/uploads\/2023\/12\/Transformation-2-400x400.png 400w, https:\/\/www.julia-berthelon.fr\/boutique\/wp-content\/uploads\/2023\/12\/Transformation-2-1024x1024.png 1024w, https:\/\/www.julia-berthelon.fr\/boutique\/wp-content\/uploads\/2023\/12\/Transformation-2-150x150.png 150w, https:\/\/www.julia-berthelon.fr\/boutique\/wp-content\/uploads\/2023\/12\/Transformation-2-768x768.png 768w, https:\/\/www.julia-berthelon.fr\/boutique\/wp-content\/uploads\/2023\/12\/Transformation-2-600x600.png 600w, https:\/\/www.julia-berthelon.fr\/boutique\/wp-content\/uploads\/2023\/12\/Transformation-2-100x100.png 100w, https:\/\/www.julia-berthelon.fr\/boutique\/wp-content\/uploads\/2023\/12\/Transformation-2.png 1080w\" sizes=\"auto, (max-width: 300px) 100vw, 300px\" \/><\/div>\n\t\t\t\t\t<div class=\"wc-block-grid__product-title\">Transformation int\u00e9rieure &#8211; M\u00e9ditation<\/div>\n\t\t\t\t<\/a>\n\t\t\t\t<div class=\"wc-block-grid__product-price price\"><span class=\"woocommerce-Price-amount amount\">15,00&nbsp;<span class=\"woocommerce-Price-currencySymbol\">&euro;<\/span><\/span><\/div>\n\t\t\t\t\n\t\t\t\t<div class=\"wp-block-button wc-block-grid__product-add-to-cart\"><a href=\"?add-to-cart=95\" aria-label=\"Ajouter au panier\u00a0: &ldquo;Transformation int\u00e9rieure - M\u00e9ditation&rdquo;\" data-quantity=\"1\" data-product_id=\"95\" data-product_sku=\"\" data-price=\"15\" rel=\"nofollow\" class=\"wp-block-button__link  add_to_cart_button ajax_add_to_cart\">Ajouter au panier<\/a><\/div>\n\t\t\t<\/li><li class=\"wc-block-grid__product\">\n\t\t\t\t<a href=\"https:\/\/www.julia-berthelon.fr\/boutique\/produit\/lacher-ses-peurs-et-blocages-meditation\/\" class=\"wc-block-grid__product-link\">\n\t\t\t\t\t\n\t\t\t\t\t<div class=\"wc-block-grid__product-image\"><img loading=\"lazy\" decoding=\"async\" width=\"300\" height=\"300\" src=\"https:\/\/www.julia-berthelon.fr\/boutique\/wp-content\/uploads\/2023\/12\/Obstacle-1-300x300.png\" class=\"attachment-woocommerce_thumbnail size-woocommerce_thumbnail\" alt=\"L\u00e2cher ses peurs et blocages - M\u00e9ditation\" srcset=\"https:\/\/www.julia-berthelon.fr\/boutique\/wp-content\/uploads\/2023\/12\/Obstacle-1-300x300.png 300w, https:\/\/www.julia-berthelon.fr\/boutique\/wp-content\/uploads\/2023\/12\/Obstacle-1-400x400.png 400w, https:\/\/www.julia-berthelon.fr\/boutique\/wp-content\/uploads\/2023\/12\/Obstacle-1-1024x1024.png 1024w, https:\/\/www.julia-berthelon.fr\/boutique\/wp-content\/uploads\/2023\/12\/Obstacle-1-150x150.png 150w, https:\/\/www.julia-berthelon.fr\/boutique\/wp-content\/uploads\/2023\/12\/Obstacle-1-768x768.png 768w, https:\/\/www.julia-berthelon.fr\/boutique\/wp-content\/uploads\/2023\/12\/Obstacle-1-600x600.png 600w, https:\/\/www.julia-berthelon.fr\/boutique\/wp-content\/uploads\/2023\/12\/Obstacle-1-100x100.png 100w, https:\/\/www.julia-berthelon.fr\/boutique\/wp-content\/uploads\/2023\/12\/Obstacle-1.png 1080w\" sizes=\"auto, (max-width: 300px) 100vw, 300px\" \/><\/div>\n\t\t\t\t\t<div class=\"wc-block-grid__product-title\">L\u00e2cher ses peurs et blocages &#8211; M\u00e9ditation<\/div>\n\t\t\t\t<\/a>\n\t\t\t\t<div class=\"wc-block-grid__product-price price\"><span class=\"woocommerce-Price-amount amount\">15,00&nbsp;<span class=\"woocommerce-Price-currencySymbol\">&euro;<\/span><\/span><\/div>\n\t\t\t\t\n\t\t\t\t<div class=\"wp-block-button wc-block-grid__product-add-to-cart\"><a href=\"?add-to-cart=88\" aria-label=\"Ajouter au panier\u00a0: &ldquo;L\u00e2cher ses peurs et blocages - M\u00e9ditation&rdquo;\" data-quantity=\"1\" data-product_id=\"88\" data-product_sku=\"\" data-price=\"15\" rel=\"nofollow\" class=\"wp-block-button__link  add_to_cart_button ajax_add_to_cart\">Ajouter au panier<\/a><\/div>\n\t\t\t<\/li><\/ul><\/div>","protected":false},"excerpt":{"rendered":"<p>Ces voyages sonores combinent des pratiques puissantes telles que l&rsquo;hypnose, la sophrologie et des techniques \u00e9nerg\u00e9tiques, afin de vous guider vers une transformation int\u00e9rieure&#8230;<\/p>\n","protected":false},"author":1,"featured_media":0,"parent":0,"menu_order":0,"comment_status":"closed","ping_status":"closed","template":"","meta":{"footnotes":""},"class_list":["post-161","page","type-page","status-publish","hentry"],"_links":{"self":[{"href":"https:\/\/www.julia-berthelon.fr\/boutique\/wp-json\/wp\/v2\/pages\/161","targetHints":{"allow":["GET"]}}],"collection":[{"href":"https:\/\/www.julia-berthelon.fr\/boutique\/wp-json\/wp\/v2\/pages"}],"about":[{"href":"https:\/\/www.julia-berthelon.fr\/boutique\/wp-json\/wp\/v2\/types\/page"}],"author":[{"embeddable":true,"href":"https:\/\/www.julia-berthelon.fr\/boutique\/wp-json\/wp\/v2\/users\/1"}],"replies":[{"embeddable":true,"href":"https:\/\/www.julia-berthelon.fr\/boutique\/wp-json\/wp\/v2\/comments?post=161"}],"version-history":[{"count":9,"href":"https:\/\/www.julia-berthelon.fr\/boutique\/wp-json\/wp\/v2\/pages\/161\/revisions"}],"predecessor-version":[{"id":207,"href":"https:\/\/www.julia-berthelon.fr\/boutique\/wp-json\/wp\/v2\/pages\/161\/revisions\/207"}],"wp:attachment":[{"href":"https:\/\/www.julia-berthelon.fr\/boutique\/wp-json\/wp\/v2\/media?parent=161"}],"curies":[{"name":"wp","href":"https:\/\/api.w.org\/{rel}","templated":true}]}}